{"id":2,"date":"2019-10-23T14:35:11","date_gmt":"2019-10-23T14:35:11","guid":{"rendered":"https:\/\/sylvainelkhoury.de\/?page_id=2"},"modified":"2025-10-01T20:43:02","modified_gmt":"2025-10-01T20:43:02","slug":"sample-page","status":"publish","type":"page","link":"https:\/\/sylvainelkhoury.de\/","title":{"rendered":""},"content":{"rendered":"<p align=\"justify\">Dr. Sylvain el-Khoury ist Augenarzt an der Kabgayi Eye Unit in Ruanda, ein von der Christoffel-Blindenmission unterst\u00fctztes Krankenhaus. Sein Spezialgebiet umfasst medizinische und operative Versorgung von Netzhauterkrankungen sowie Operationen des Grauen Stars. Hauptaspekt seiner aktuellen Arbeit ist das Vermitteln von Fachwissen an einheimische Augen\u00e4rzte.<\/p>\n\n\n<figure class=\"wp-block-image is-resized\"><img loading=\"lazy\" decoding=\"async\" width=\"800\" height=\"533\" src=\"https:\/\/sylvainelkhoury.de\/wp-content\/uploads\/2019\/10\/sylvain-RWA-19-0464-web.jpg\" alt=\"\" class=\"wp-image-17\" srcset=\"https:\/\/sylvainelkhoury.de\/wp-content\/uploads\/2019\/10\/sylvain-RWA-19-0464-web.jpg 800w, https:\/\/sylvainelkhoury.de\/wp-content\/uploads\/2019\/10\/sylvain-RWA-19-0464-web-300x200.jpg 300w, https:\/\/sylvainelkhoury.de\/wp-content\/uploads\/2019\/10\/sylvain-RWA-19-0464-web-768x512.jpg 768w\" sizes=\"auto, (max-width: 800px) 100vw, 800px\" \/><figcaption class=\"wp-element-caption\">Kabgayi Hospital in Kabgayi, Rwanda on January 25, 2019 (Photography: Daniel Hayduk)<\/figcaption><\/figure>\n\n\n\n<h2 class=\"wp-block-heading\">Projekte<\/h2>\n\n\n<p align=\"justify\">Seit einigen Jahren engagiert sich Dr. el-Khoury f\u00fcr das Aufbauen von Gesundheitsstrukturen f\u00fcr Augenheilkunde in Regionen mit strukturellen Schw\u00e4chen. So hat er mit einem Kollegen Dr. Youssef Abdelmassih im Libanon das Projekt AYOUNKON initiiert zur Versorgung dringlicher Augenerkrankungen bei syrischen Fl\u00fcchtlingen, welches in zwei Phasen mit \u00fcber 420,000 Euro von der OCHA (United Nations Office for the Coordination of Humanitarian Affairs) unterst\u00fctzt wurde.<\/p>\n<p>Links:<br \/>AYOUNKON \u2013 Urgent visual health for Syrian refugees in the Bekaa Valley, Lebanon (<a rel=\"noreferrer noopener\" aria-label=\" (\u00f6ffnet in neuem Tab)\" href=\"https:\/\/www.arcsculturesolidali.org\/en\/projects\/lebanon-ayounkon-urgent-visual-health-for-syrian-refugees-in-the-bekaa-valley-lebanon\/\" target=\"_blank\">https:\/\/www.arcsculturesolidali.org\/en\/projects\/lebanon-ayounkon-urgent-visual-health-for-syrian-refugees-in-the-bekaa-valley-lebanon\/<\/a>)<br \/>\nOCHA (<a rel=\"noreferrer noopener\" aria-label=\" (\u00f6ffnet in neuem Tab)\" href=\"https:\/\/fts.unocha.org\/flows\/182582?destination=countries\/124\/flows\/2018%3Forder%3Ddirectional_property%26sort%3Dasc%26page%3D4\" target=\"_blank\">https:\/\/fts.unocha.org\/flows\/182582?destination=countries\/124\/flows\/2018%3Forder%3Ddirectional_property%26sort%3Dasc%26page%3D4<\/a>)<\/p>\n<p>Video:<br \/>AYOUNKON Project \u2013 Phase I Completion (<a rel=\"noreferrer noopener\" aria-label=\" (\u00f6ffnet in neuem Tab)\" href=\"http:\/\/www.besh.com.lb\/media\/ayounkon-project-phase-i-completion\/\" target=\"_blank\">http:\/\/www.besh.com.lb\/media\/ayounkon-project-phase-i-completion\/<\/a>)<br \/>AYOUNKON: Amel is part of \u201cyour eyes\u201d project (<a rel=\"noreferrer noopener\" aria-label=\" (\u00f6ffnet in neuem Tab)\" href=\"https:\/\/amel.org\/ayounkon-amel-is-part-of-your-eyes-project\/\" target=\"_blank\">https:\/\/amel.org\/ayounkon-amel-is-part-of-your-eyes-project\/<\/a>)<\/p>\n\n\n<hr class=\"wp-block-separator has-css-opacity\"\/>\n\n\n<p align=\"justify\">Sylvain el-Khoury ist Teil eines Projekt unter Leitung von Herrn Prof. Preu\u00dfner, in welchem ein neues diagnostisches Verfahren, genannt PANO (<a rel=\"noreferrer noopener\" aria-label=\" (\u00f6ffnet in neuem Tab)\" href=\"https:\/\/www.ncbi.nlm.nih.gov\/pubmed\/28815393\" target=\"_blank\">https:\/\/www.ncbi.nlm.nih.gov\/pubmed\/28815393<\/a>) entwickelt wurde, welches darauf hinzielt, ein kosteng\u00fcnstiges, gemeinn\u00fctziges und sensibles Ger\u00e4t zur Glaukom-Erkennung zu bieten. In Rahmen derselben Kooperation (<a rel=\"noreferrer noopener\" aria-label=\" (\u00f6ffnet in neuem Tab)\" href=\"http:\/\/www.unimedizin-mainz.de\/fileadmin\/kliniken\/au\/Dokumente\/kooperation.pdf\" target=\"_blank\">http:\/\/www.unimedizin-mainz.de\/fileadmin\/kliniken\/au\/Dokumente\/kooperation.pdf<\/a>) entstand auch die Etablierung einer Amnionmembranbank in Kamerun.<\/p>\n<p>Beide Projekte wurden mit der Forschungsf\u00f6rderung der Tropenophthalmologie der Deutschen Ophthalmologischen Gesellschaft (DOG) unterst\u00fctzt:<br \/>Preistr\u00e4ger 2019 (<a rel=\"noreferrer noopener\" aria-label=\" (\u00f6ffnet in neuem Tab)\" href=\"https:\/\/www.dog.org\/?cat=281\" target=\"_blank\">https:\/\/www.dog.org\/?cat=281<\/a>)<br \/>Preistr\u00e4ger 2018 (<a rel=\"noreferrer noopener\" aria-label=\" (\u00f6ffnet in neuem Tab)\" href=\"https:\/\/www.dog.org\/?cat=261\" target=\"_blank\">https:\/\/www.dog.org\/?cat=261<\/a>)<br \/>Preistr\u00e4ger 2015 (<a rel=\"noreferrer noopener\" aria-label=\" (\u00f6ffnet in neuem Tab)\" href=\"https:\/\/www.dog.org\/?cat=226\" target=\"_blank\">https:\/\/www.dog.org\/?cat=226<\/a>)<\/p>\n\n\n<hr class=\"wp-block-separator has-css-opacity\"\/>\n\n\n<p align=\"justify\">3sat-Dokumentation &#8222;Gesunde Augen &#8211; klarer Blick&#8220; vom 24.10.2019<\/p>\n<p>Die Dokumentation zeigt den weltweiten Einsatz von Augen\u00e4rzten gegen den Verfall des Augenlichts, stellt neue Heilverfahren und Techniken vor und zeigt die M\u00f6glichkeiten und  Grenzen der modernen Augenheilkunde.<br \/>Vorgestellt wird u.a. ein Katarakt-Camp in Ruanda, Afrika, wo Dr. El-Khoury bei seiner Arbeit begleitet wird. Augen\u00e4rzte fahren mehrmals im Jahr aufs Land und operieren in &#8222;Eye Camps&#8220; unter einfachsten Bedingungen bis zu 500 Patienten pro Woche.<\/p>\n<p>Video: <a href=\"https:\/\/www.3sat.de\/wissen\/wissenschaftsdoku\/gesunde-augen-klarer-blick-100.html\">https:\/\/www.3sat.de\/wissen\/wissenschaftsdoku\/gesunde-augen-klarer-blick-100.html<\/a><\/p>\n\n\n<h2 class=\"wp-block-heading\">Person<\/h2>\n\n\n\n<figure class=\"wp-block-image is-resized\"><img loading=\"lazy\" decoding=\"async\" width=\"534\" height=\"800\" src=\"https:\/\/sylvainelkhoury.de\/wp-content\/uploads\/2019\/10\/ABE_7035-scr.jpg\" alt=\"Sylvain El-Khoury\" class=\"wp-image-11\" style=\"width:260px;height:auto\" title=\"Sylvain El-Khoury\" srcset=\"https:\/\/sylvainelkhoury.de\/wp-content\/uploads\/2019\/10\/ABE_7035-scr.jpg 534w, https:\/\/sylvainelkhoury.de\/wp-content\/uploads\/2019\/10\/ABE_7035-scr-200x300.jpg 200w\" sizes=\"auto, (max-width: 534px) 100vw, 534px\" \/><figcaption class=\"wp-element-caption\">Dr. Sylvain El-Khoury<\/figcaption><\/figure>\n\n\n<p align=\"justify\">2018 European Board of Ophthalmolgy<br \/>2013-2018 Assistenzarzt an der Augenklinik der Universit\u00e4tsmedizin Mainz, der Beirut Eye Specialist Hospital, Libanon (Universit\u00e9 Saint-Joseph) und an der Fondation Ophtalmologique A. de Rothschild, Paris<br \/>2015 Promotion zum Dr. med. <br \/>2011 Approbation als Arzt <br \/>2005\u20132011 Studium der Medizin an der Universit\u00e4t T\u00fcbingen mit Auslandsaufenthalten an der American University of Beirut, der Universit\u00e9 Saint-Joseph, Beirut, der Universidade de Coimbra, Portugal, und der Pontifica Universidade Catolica do Rio Grande do Sul, Brasilien<\/p>\n<p align=\"justify\">Sylvain el-Khoury ist Autor mehrerer wissenschaftlicher Ver\u00f6ffentlichungen:<br \/><a rel=\"noreferrer noopener\" href=\"https:\/\/www.ncbi.nlm.nih.gov\/pubmed\/?term=sylvain+el-khoury\" target=\"_blank\">https:\/\/www.ncbi.nlm.nih.gov\/pubmed\/?term=sylvain+el-khoury<\/a><\/p>\n\n\n<h4 class=\"wp-block-heading\">Kontakt und Impressum<\/h4>\n\n\n\n<p>Sylvain el-Khoury<br>Kronenstr. 3c<br>72070 T\u00fcbingen<br>Germany<br><br>&#115;&#x79;&#108;&#x76;&#97;&#x69;&#110;&#x2e;e&#x6c;-&#x6b;h&#x6f;u&#114;&#x79;&#64;&#x63;&#98;&#x6d;&#46;&#x6f;&#114;&#x67; <\/p>\n\n\n\n<p><\/p>\n","protected":false},"excerpt":{"rendered":"<p>Dr. Sylvain el-Khoury ist Augenarzt an der Kabgayi Eye Unit in Ruanda, ein von der Christoffel-Blindenmission unterst\u00fctztes Krankenhaus. Sein Spezialgebiet umfasst medizinische und operative Versorgung von Netzhauterkrankungen sowie Operationen des Grauen Stars. Hauptaspekt seiner aktuellen Arbeit ist das Vermitteln von Fachwissen an einheimische Augen\u00e4rzte. Projekte Seit einigen Jahren engagiert sich Dr. el-Khoury f\u00fcr das Aufbauen [&hellip;]<\/p>\n","protected":false},"author":1,"featured_media":0,"parent":0,"menu_order":0,"comment_status":"closed","ping_status":"open","template":"","meta":{"footnotes":""},"class_list":["post-2","page","type-page","status-publish","hentry"],"_links":{"self":[{"href":"https:\/\/sylvainelkhoury.de\/index.php\/wp-json\/wp\/v2\/pages\/2","targetHints":{"allow":["GET"]}}],"collection":[{"href":"https:\/\/sylvainelkhoury.de\/index.php\/wp-json\/wp\/v2\/pages"}],"about":[{"href":"https:\/\/sylvainelkhoury.de\/index.php\/wp-json\/wp\/v2\/types\/page"}],"author":[{"embeddable":true,"href":"https:\/\/sylvainelkhoury.de\/index.php\/wp-json\/wp\/v2\/users\/1"}],"replies":[{"embeddable":true,"href":"https:\/\/sylvainelkhoury.de\/index.php\/wp-json\/wp\/v2\/comments?post=2"}],"version-history":[{"count":35,"href":"https:\/\/sylvainelkhoury.de\/index.php\/wp-json\/wp\/v2\/pages\/2\/revisions"}],"predecessor-version":[{"id":72,"href":"https:\/\/sylvainelkhoury.de\/index.php\/wp-json\/wp\/v2\/pages\/2\/revisions\/72"}],"wp:attachment":[{"href":"https:\/\/sylvainelkhoury.de\/index.php\/wp-json\/wp\/v2\/media?parent=2"}],"curies":[{"name":"wp","href":"https:\/\/api.w.org\/{rel}","templated":true}]}}